{"id":600,"date":"2018-05-24T11:37:39","date_gmt":"2018-05-24T09:37:39","guid":{"rendered":"https:\/\/axcs.se\/?page_id=600"},"modified":"2020-01-16T11:33:39","modified_gmt":"2020-01-16T10:33:39","slug":"anvandarvillkor","status":"publish","type":"page","link":"https:\/\/axcs.eu\/se\/anvandarvillkor\/","title":{"rendered":"Anv\u00e4ndarvillkor"},"content":{"rendered":"<h3>\n\tANV\u00c4NDARVILLKOR<br \/>\n<\/h3>\n<p>Version 1.1<br \/>Villkoren senast reviderade 2021-10-22<\/p>\n<p>\n\tDessa Villkor skall g\u00e4lla som bindande avtal mellan Customs Software Europe AB (h\u00e4danefter ben\u00e4mnt Leverant\u00f6ren) och Best\u00e4llaren (gemensamt ben\u00e4mnda Parterna) av AXCS-Tj\u00e4nsterna eller andra av Leverant\u00f6ren tillhandah\u00e5llna Tj\u00e4nster.\n<\/p>\n<h4>\n\t1.\tTj\u00e4nsterna<br \/>\n<\/h4>\n<p>\n\tAXCS-Tj\u00e4nsterna best\u00e5r av lagrings-, sammanst\u00e4llnings- och analysverktyg som s\u00e4kerst\u00e4ller en komplett, med tullagstiftningen \u00f6verensst\u00e4mmande funktion f\u00f6r hantering av tulldeklarationer. Anv\u00e4ndning av Tj\u00e4nsterna kan kr\u00e4va att tekniska specifikationer, t.ex. i form av kompatibla enheter, anslutning till Internet eller viss programvara \u00e4r uppfyllda. Best\u00e4llaren samtycker genom att acceptera dessa Villkor till att det \u00e4r Best\u00e4llarens eget ansvar att tillse att s\u00e5dana tekniska specifikationer \u00e4r uppfyllda. Best\u00e4llaren bekr\u00e4ftar genom att acceptera dessa Villkor att Best\u00e4llaren \u00e4r medveten om att Tj\u00e4nsternas funktion kan komma att p\u00e5verkas av dessa faktorers prestanda. Best\u00e4llaren samtycker till att sj\u00e4lv ansvara f\u00f6r att ovanst\u00e5ende faktorer \u00e4r kompatibla med Tj\u00e4nsterna. Tj\u00e4nsterna, dess funktioner samt alla delar av Tj\u00e4nsterna \u00e4r tillg\u00e4ngliggjorda p\u00e5 svenska och \u00e4r tillg\u00e4ngliga i Sverige. Leverant\u00f6ren ger inga garantier eller utf\u00e4stelser f\u00f6r att Tj\u00e4nsterna \u00e4r tillg\u00e4ngliga eller funktionella utanf\u00f6r Sveriges gr\u00e4nser. Villkoren omfattar \u00e4ven testperioder och andra former av tillf\u00e4llig anv\u00e4ndning, t.ex. Betatj\u00e4nster. Best\u00e4llaren samtycker till att endast anv\u00e4nda Tj\u00e4nsterna till de \u00e4ndam\u00e5l som \u00e4r till\u00e5tna enligt dessa Villkor samt i de fall det \u00e4r till\u00e4mpligt, g\u00e4llande lagstiftning, f\u00f6rordningar och g\u00e4ngse praxis. Leverant\u00f6ren f\u00f6rbeh\u00e5ller r\u00e4tten att begr\u00e4nsa antalet konton som kan skapas fr\u00e5n en enhet, antalet enheter som \u00e4r kopplade till ett konto samt antalet konton som \u00e4r kopplade till en och samma Best\u00e4llare. Leverant\u00f6ren f\u00f6rbeh\u00e5ller r\u00e4tten att tillf\u00e4lligt eller permanent st\u00e4nga av konton och\/eller anv\u00e4ndare om de bryter mot dessa Villkor eller andra f\u00f6reskrifter som Leverant\u00f6ren har uppst\u00e4llt, eller mot i lag eller myndighetsf\u00f6reskrifter uppst\u00e4llda villkor. I de fall en anv\u00e4ndare eller ett konto skulle utg\u00f6ra en akut s\u00e4kerhetsrisk f\u00f6r Tj\u00e4nsternas funktion eller f\u00f6r andra anv\u00e4ndare av Tj\u00e4nsternas ska Leverant\u00f6ren ha r\u00e4tt att omedelbart st\u00e4nga av anv\u00e4ndaren och avsluta det eller de konton som anv\u00e4ndaren \u00e4r associerad till.\n<\/p>\n<h4>\n\t2.\tPersonuppgifter<br \/>\n<\/h4>\n<p>\n\tGenom att godk\u00e4nna dessa villkor samtycker Du till att dina personuppgifter behandlas av Leverant\u00f6ren i den m\u00e5n det \u00e4r n\u00f6dv\u00e4ndigt f\u00f6r att Tj\u00e4nsterna skall kunna anv\u00e4ndas. Det \u00e4r Leverant\u00f6rens skyldighet att tillse att uppgifterna behandlas i enlighet med g\u00e4llande lagstiftning. I de fall den person som har godk\u00e4nt dessa villkor \u00e5terkallar sitt samtycke till lagring av personuppgifter enligt 12 \u00a7 Personuppgiftslagen (1998:204), kommer Tj\u00e4nsterna att blockeras till dess en annan beh\u00f6rig person hos Best\u00e4llaren har godk\u00e4nt dessa Villkor och samtyckt till lagring av personuppgifter enligt detta stycke. Best\u00e4llaren skall inte ha n\u00e5gon r\u00e4tt till kompensation f\u00f6r den tid som tj\u00e4nsterna \u00e4r otillg\u00e4ngliga med anledning av en blockering av s\u00e5dant slag. Det \u00e5ligger Best\u00e4llaren att tillse att ingen obeh\u00f6rig har tillg\u00e5ng till Tj\u00e4nsterna.\n<\/p>\n<h4>\n\t3.\tBeh\u00f6righet<br \/>\n<\/h4>\n<p>\n\tDU SOM \u00c4R ANST\u00c4LLD I ELLER SOM P\u00c5 ANNAT S\u00c4TT \u00c4R F\u00d6RETR\u00c4DARE F\u00d6R ETT BOLAG, EN ORGANISATION, F\u00d6RENING ELLER ANNAN FORM AV ASSOCIATION OCH SOM GODK\u00c4NNER DESSA VILLKOR INTYGAR GENOM ATT GODK\u00c4NNA DESSA VILLKOR ATT DU HAR EN S\u00c5DAN ST\u00c4LLNING ELLER FULLMAKT INOM DET BOLAG, DEN ORGANISATION, F\u00d6RENING ELLER ANNAN ASSOCIATION I VILKEN DU TJ\u00c4NSTG\u00d6R ELLER SOM DU F\u00d6RETR\u00c4DER, SOM G\u00d6R DIG BEH\u00d6RIG ATT BINDA DIN HUVUDMAN TILL DETTA AVTAL. OM DU REGISTRERAR DIG F\u00d6R TJ\u00c4NSTERNA TROTS ATT DU SAKNAR S\u00c5DAN BEH\u00d6RIGHET S\u00c5 SAMTYCKER DU OCKS\u00c5 TILL OCH \u00c4R INF\u00d6RST\u00c5DD MED ATT DU PERSONLIGEN KAN H\u00c5LLAS ANSVARIG F\u00d6R DE SKADOR OCH KOSTNADER, INNEFATTANDE MEN INTE UTESLUTANDE UTEBLIVNA ABONNEMANGSAVGIFTER, ROYALTIES ELLER LICENSAGIFTER, MEN \u00c4VEN ADMINISTRATIVA KOSTNADER, KOSTNADER F\u00d6R JURIDISKT OMBUD, SKADEST\u00c5ND, VITEN OCH B\u00d6TER SOM KAN UPPST\u00c5 S\u00c5V\u00c4L F\u00d6R DIN ARBETSGIVARE SOM F\u00d6R LEVERANT\u00d6REN I DET FALL EN TVIST SKULLE UPPST\u00c5 KRING AVTALETS GILTIGHET OCH\/ELLER AVTALETS BETYDELSE OCH DESS EFFEKTER.\n<\/p>\n<h4>\n\t4.\tDefinitioner<br \/>\n<\/h4>\n<p>\n\tI dessa Villkor g\u00e4ller f\u00f6ljande definitioner:\n<\/p>\n<ol type=\"i\">\n<li>\n\t\t<i>Tj\u00e4nsterna<\/i> syftar till varje enskild tj\u00e4nst som Leverant\u00f6ren f\u00f6r tillf\u00e4llet tillhandah\u00e5ller, tidigare har tillhandah\u00e5llit eller i framtiden kan komma att tillhandah\u00e5lla enligt dessa Villkor.\n\t<\/li>\n<li>\n\t\t<i>Best\u00e4llare<\/i> \u00e4r den part som genom att p\u00e5 Leverant\u00f6rens webplats registrerat sig f\u00f6r Tj\u00e4nsterna, eller p\u00e5 annat s\u00e4tt har kontaktat Leverant\u00f6ren och p\u00e5 s\u00e5 vis best\u00e4llt Tj\u00e4nsterna, och har accepterat dessa Villkor.\n\t<\/li>\n<li>\n\t\t<i>Enhet<\/i> syftar till varje teknisk apparatur varigenom Best\u00e4llare och Anv\u00e4ndare kan ha tillg\u00e5ng till Tj\u00e4nsterna.\n\t<\/li>\n<li>\n\t\t<i>Konto<\/i> \u00e4r varje Best\u00e4llares tillg\u00e5ng till tj\u00e4nsten. En Best\u00e4llare kan ha flera olika konton. Ett konto handhas av en Anv\u00e4ndare.\n\t<\/li>\n<li>\n\t\t<i>Anv\u00e4ndare<\/i> \u00e4r varje fysisk eller juridisk person som genom anst\u00e4llningsf\u00f6rh\u00e5llande eller annat bemyndigande f\u00f6retr\u00e4der Best\u00e4llaren genom praktisk anv\u00e4ndning av Tj\u00e4nsterna.\n\t<\/li>\n<li>\n\t\t<i>Skyddsv\u00e4rd information<\/i> \u00e4r information av det slag som definieras i 1 \u00a7 Lag (1990:409) om skydd f\u00f6r f\u00f6retagshemligheter.\n\t<\/li>\n<\/ol>\n<h4>\n\t5.\t\u00c4ndringar och uppdateringar av villkoren<br \/>\n<\/h4>\n<p>\n\tLeverant\u00f6ren har r\u00e4tt att \u00e4ndra och uppdatera Tj\u00e4nsterna och Villkoren fr\u00e5n tid till annan. Om Villkoren eller Tj\u00e4nsterna \u00e4ndras p\u00e5 ett s\u00e5dant s\u00e4tt att Tj\u00e4nsterna avsev\u00e4rt f\u00f6rs\u00e4mras avseende funktionalitet ska Leverant\u00f6ren skyndsamt informera Best\u00e4llaren som i s\u00e5dant fall ska ha r\u00e4tt att omg\u00e5ende efter att ett s\u00e5dant meddelande har gjorts tillg\u00e4ngligt f\u00f6r Best\u00e4llaren ha r\u00e4tt att bryta avtalet med omedelbar verkan. Ovanst\u00e5ende g\u00e4ller endast under f\u00f6ruts\u00e4ttning att det inte p\u00e5 grund av lagstiftnings\u00e5tg\u00e4rder, andra juridiska \u00e5tg\u00e4rder, myndigheters krav eller \u00e5tg\u00e4rder, naturkatastrof, annan form av katastrof, strejk, arbetsavbrott, krig, tekniska avbrott eller andra liknande omst\u00e4ndigheter \u00f6ver vilka Leverant\u00f6ren inte kan r\u00e5da, varit orimligt f\u00f6r Leverant\u00f6ren att l\u00e4mna ett s\u00e5dant meddelande eller n\u00f6dv\u00e4ndigt att f\u00f6r\u00e4ndra Tj\u00e4nsterna eller Villkoren p\u00e5 det s\u00e4tt som gjorts. Inte heller i h\u00e4ndelse av att f\u00f6r\u00e4ndringen har berott p\u00e5 f\u00f6r\u00e4ndringar vars enda syfte har varit att \u00e5tg\u00e4rda akuta problem med tillhandah\u00e5llandet av Tj\u00e4nsterna skall best\u00e4llaren ha r\u00e4tt att bryta avtalet. R\u00e4tten att bryta avtalet med omedelbar verkan p\u00e5 grund av f\u00f6rs\u00e4mrade Villkor eller funktioner g\u00e4ller inte i de fall som Tj\u00e4nsterna tillhandah\u00e5lls som Betatj\u00e4nster. Best\u00e4llaren ska ha r\u00e4tt till en proportionerlig \u00e5terbetalning av en eventuell f\u00f6rskottsbetalning i h\u00e4ndelse av att Best\u00e4llaren vill s\u00e4ga upp Tj\u00e4nsterna med anledning av f\u00f6r\u00e4ndringar i Tj\u00e4nsterna eller i Villkoren. Leverant\u00f6ren ansvarar dock inte gentemot Best\u00e4llaren f\u00f6r f\u00f6r\u00e4ndringar i Tj\u00e4nsterna eller i Villkoren f\u00f6r Tj\u00e4nsterna som har gjorts i enlighet med ovanst\u00e5ende undantag. Leverant\u00f6ren f\u00f6rbeh\u00e5ller r\u00e4tten att n\u00e4r som helst \u00e4ndra dessa Villkor och att g\u00f6ra till\u00e4gg till dessa Villkor i form av ytterligare villkor f\u00f6r anv\u00e4ndning av Tj\u00e4nsterna samt att h\u00e4nvisa till andra avtal och villkor som d\u00e5 kommer att vara g\u00e4llande f\u00f6r anv\u00e4ndning av Tj\u00e4nsterna.\n<\/p>\n<h4>\n\t6.\tBest\u00e4llarens f\u00f6rpliktelser som anv\u00e4ndare<br \/>\n<\/h4>\n<p>\n\tTj\u00e4nsternas funktionalitet \u00e4r beroende av att de filer som ska lagras \u00e4r av ett visst format. Det \u00e4r Best\u00e4llarens ansvar att tillse att filerna som laddas upp i syfte att lagras med Tj\u00e4nsterna har det filformat och \u00e4r av s\u00e5dan kvalitet som Tj\u00e4nsterna kr\u00e4ver. Det \u00e4r Best\u00e4llarens ansvar att de avgifter som Best\u00e4llaren har f\u00f6rbundit sig att g\u00e4lda till Leverant\u00f6ren som ers\u00e4ttning f\u00f6r anv\u00e4ndandet av Tj\u00e4nsterna blir betalade inom den tid som f\u00f6reskrivs i dessa Villkor eller som s\u00e4rskilt har avtalats mellan Best\u00e4llaren och Leverant\u00f6ren. Om Leverant\u00f6ren inte erh\u00e5ller betalning i tid f\u00f6r de avtalade Tj\u00e4nsterna f\u00f6rbeh\u00e5ller Leverant\u00f6ren r\u00e4tten att tempor\u00e4rt begr\u00e4nsa eller avbryta tillg\u00e5ngen till Tj\u00e4nsterna till dess att utest\u00e5ende fordringar har reglerats. Det \u00e4r Best\u00e4llarens ansvarar att de tekniska prestanda- och kompatibilitetskrav som st\u00e4lls p\u00e5 enheter, programvara eller anslutning till Internet f\u00f6r att Tj\u00e4nsterna skall fungera till fullo, \u00e4r uppfyllda. F\u00f6r att Tj\u00e4nsterna skall fungera till fullo \u00e4r det n\u00f6dv\u00e4ndigt att Best\u00e4llaren ger Leverant\u00f6ren tillhandah\u00e5ller underlag i form av handelsstatistik. Detta skall g\u00f6ras genom att Best\u00e4llaren ger en eller flera utvalda personer hos Best\u00e4llaren beh\u00f6righet att via Tullverket inh\u00e4mta s\u00e5dant underlag. Det \u00e4r Best\u00e4llarens ansvar f\u00f6r att den eller de personer som Leverant\u00f6ren utser ges den beh\u00f6righet som kr\u00e4vs i enlighet med separat instruktion i samband med best\u00e4llning av Tj\u00e4nsterna. Leverant\u00f6ren skall endast ges l\u00e4sr\u00e4ttigheter och det \u00e5ligger Leverant\u00f6ren att tillse att den information som inh\u00e4mtas fr\u00e5n Tullverket behandlas med sekretess i enlighet med Lag (1990:409) om skydd f\u00f6r f\u00f6retagshemligheter och dessa Villkor. Det \u00e4r ocks\u00e5 Leverant\u00f6rens ansvar att meddela Best\u00e4llaren om n\u00e5gon av de utvalda personerna avslutar sin anst\u00e4llning hos Leverant\u00f6ren. Efter att Leverant\u00f6ren har avgett ett s\u00e5dant meddelande \u00e5ligger det p\u00e5 Best\u00e4llaren att \u00e5terkalla beh\u00f6righeten f\u00f6r en s\u00e5dan person. Best\u00e4llaren skall ge Leverant\u00f6ren beh\u00f6righet att ge alla de ombud som Best\u00e4llaren anlitar f\u00f6r tulltj\u00e4nster, s\u00e4rskilda instruktioner i syfte att ombuden skall leverera underlag i form av utf\u00e4rdade tulldeklarationer till Leverant\u00f6ren. Det \u00e4r helt avg\u00f6rande f\u00f6r Tj\u00e4nsternas funktion att Best\u00e4llarens alla ombud g\u00f6r samtliga tulldeklarationer tillg\u00e4ngliga f\u00f6r Leverant\u00f6ren. Det \u00e4r Best\u00e4llarens ansvar att tillse att ombuden i alla situationer f\u00f6ljer dessa s\u00e4rskilda instruktioner.\n<\/p>\n<h4>\n\t7.\tLeverant\u00f6rens f\u00f6rpliktelser<br \/>\n<\/h4>\n<p>\n\tLeverant\u00f6ren skall arbeta med rimlig skicklighet och vederb\u00f6rlig omsorg f\u00f6r att Tj\u00e4nsterna skall kunna tillhandah\u00e5llas p\u00e5 ett s\u00e4kert s\u00e4tt. Leverant\u00f6ren skall lagra handlingar i fem \u00e5r eller den tid som kr\u00e4vs enligt lag, dock l\u00e4ngst tio \u00e5r. Leverant\u00f6ren l\u00e4mnar inga garantier f\u00f6r att n\u00e5got inneh\u00e5ll inte kan uts\u00e4ttas f\u00f6r oavsiktlig skada, f\u00f6rvanskning eller f\u00f6rlust. Best\u00e4llaren samtycker till att det \u00e5ligger Best\u00e4llaren att p\u00e5 eget ansvar tillse att viktig information regelbundet s\u00e4kerhetskopieras p\u00e5 ett f\u00f6r Best\u00e4llaren l\u00e4mpligt s\u00e4tt. Det \u00e4r Leverant\u00f6rens ansvar att tillse att s\u00e5dan s\u00e4kerhetskopiering kan g\u00f6ras av Best\u00e4llaren p\u00e5 ett smidigt s\u00e4tt. Leverant\u00f6ren ansvarar inte f\u00f6r skador, avbrott i Tj\u00e4nsterna eller andra problem som drabbar Best\u00e4llaren p\u00e5 grund av tredje parts mjukvara. Det skall helt och h\u00e5llet vara Best\u00e4llarens ansvar att det material som Best\u00e4llaren lagrar genom anv\u00e4ndandet av Tj\u00e4nsterna h\u00e5ller en adekvat kvalitet f\u00f6r att Best\u00e4llaren skall kunna nyttja Tj\u00e4nsterna p\u00e5 ett tillfredsst\u00e4llande s\u00e4tt.\n<\/p>\n<h4>\n\t8.\tData och immateriella r\u00e4ttigheter<br \/>\n<\/h4>\n<p>\n\tBest\u00e4llaren \u00e4ger i alla situationer, utan omsvep, alla sina immateriella r\u00e4ttigheter, inklusive men inte uteslutande de immateriella r\u00e4ttigheter som kan komma att lagras genom anv\u00e4ndandet av Tj\u00e4nsterna. Best\u00e4llaren samtycker till att data samlas in, bearbetas eller behandlas endast i syfte att ut\u00f6ka, f\u00f6rb\u00e4ttra och utveckla Tj\u00e4nsterna samt andra tj\u00e4nster, funktioner och program som \u00e4r eller kan komma att bli kopplade till Tj\u00e4nsterna. Best\u00e4llaren beviljar Leverant\u00f6ren ett begr\u00e4nsat tillst\u00e5nd som ger Leverant\u00f6ren s\u00e5dana begr\u00e4nsade r\u00e4ttigheter som Leverant\u00f6ren finner n\u00f6dv\u00e4ndiga f\u00f6r att kunna tillhandah\u00e5lla och marknadsf\u00f6ra Tj\u00e4nsterna, inklusive men inte uteslutande att i syfte att marknadsf\u00f6ra Tj\u00e4nsterna anv\u00e4nda Best\u00e4llarens firma och m\u00e4rke. Leverant\u00f6ren \u00e4ger en otvetydig och obegr\u00e4nsad r\u00e4tt till den data och kod som ligger till grund f\u00f6r Tj\u00e4nsterna, samt \u00f6vriga immateriella r\u00e4ttigheter kopplade till Tj\u00e4nsterna s\u00e5 som logotyper, symboler, emblem, firmor, m\u00e4rken och varum\u00e4rken. Leverant\u00f6ren har r\u00e4tt att samla in, \u00f6verf\u00f6ra, behandla och bearbeta data endast i de fall det \u00e4r n\u00f6dv\u00e4ndigt f\u00f6r att Leverant\u00f6ren skall kunna tillhandah\u00e5lla eller utveckla Tj\u00e4nsterna samt uppfylla de \u00f6vriga \u00e5taganden som Leverant\u00f6ren har \u00e5tagit sig gentemot Best\u00e4llarna av Tj\u00e4nsterna eller genom dessa Villkor eller enligt andra avtal eller villkor eller f\u00f6r att uppfylla Best\u00e4llarens uttalade behov.\n<\/p>\n<h4>\n\t9.\tBetatj\u00e4nster<br \/>\n<\/h4>\n<p>\n\tLeverant\u00f6ren kan n\u00e4r som helst fr\u00e5n tid till annan erbjuda nya och uppdaterade funktioner, s\u00e5 kallade Betatj\u00e4nster. Betatj\u00e4nster \u00e4r en version av Tj\u00e4nsterna som erbjuds i syfte att testa nya och uppdaterade funktioner till Tj\u00e4nsterna innan de tas i bruk och g\u00f6rs tillg\u00e4ngliga f\u00f6r samtliga Best\u00e4llare och anv\u00e4ndare. I h\u00e4ndelse att Best\u00e4llaren erbjuds att anv\u00e4nda Betatj\u00e4nster kommer Leverant\u00f6ren s\u00e4rskilt uppm\u00e4rksamma Best\u00e4llaren genom att tydligt ange att det \u00e4r Betatj\u00e4nster. Genom att Best\u00e4llaren accepterar att anv\u00e4nda en Betatj\u00e4nst \u00e4r Best\u00e4llaren medveten om att s\u00e4kerhetskopiering av allt material b\u00f6r ske innan anv\u00e4ndande av Betatj\u00e4nsterna p\u00e5b\u00f6rjas och d\u00e4refter med t\u00e4ta intervaller f\u00f6r att undvika och minimera eventuell skada som kan uppst\u00e5 p\u00e5 Best\u00e4llarens data. Betatj\u00e4nster tillhandah\u00e5lls i \u201dBEFINTLIGT SKICK\u201d OCH INGA GARANTIER ELLER UTF\u00c4STELSER GES AVSEENDE DESS FUNKTIONALITET ELLER KOMPATIBILITET. DE KAN INNEH\u00c5LLA FEL OCH BRISTER SOM EVENTUELLT KAN UTG\u00d6RA S\u00c4KERHETSRISKER SOM F\u00d6RVANSKAR, RADERAR ELLER FLYTTAR SPARAT MATERIAL ELLER P\u00c5 ANNAT S\u00c4TT ORSAKAR SKADA. BEST\u00c4LLAREN SAMTYCKER TILL ATT ALL RISK F\u00d6R ALLA SKADOR SAMT ALLA KOSTNADER SOM KAN KOMMA ATT UPPST\u00c5 I SAMBAND MED OCH SOM KAN UPPST\u00c5 SOM EN KONSEKVENS AV ANV\u00c4NDANDE AV BETATJ\u00c4NSTER, INLKUSIVE MEN INTE BEGR\u00c4NSAT TILL KOSTNADER F\u00d6R S\u00c4KERHETSKOPIERING, \u00c5TERST\u00c4LLANDE AV DATA, INTERNETKOPPLING, SKADOR P\u00c5 UTRUSTNING, PROGRAMVARA ELLER H\u00c5RDVARA, LIGGER P\u00c5 BEST\u00c4LLAREN. LEVERANT\u00d6REN F\u00d6RBINDER SIG INTE ATT TILLHANDAH\u00c5LLA SUPPORT F\u00d6R BETATJ\u00c4NSTER. Eftersom syftet med Betatj\u00e4nsterna \u00e4r produktutveckling s\u00e5 ges Best\u00e4llaren m\u00f6jlighet att l\u00e4mna synpunkter i form av kommentarer och f\u00f6rslag avseende anv\u00e4ndningen av Betatj\u00e4nsterna. Best\u00e4llaren samtycker d\u00e4rigenom att Leverant\u00f6ren f\u00e5r lov att anv\u00e4nda s\u00e5dana synpunkter i vilket syfte som helst f\u00f6rutsatt att inga andra avtal f\u00f6rhindrar detta eller om andra restriktioner finns som inte till\u00e5ter s\u00e5dan anv\u00e4ndning.\n<\/p>\n<h4>\n\t10. Ansvarsbegr\u00e4nsning<br \/>\n<\/h4>\n<p>\n\tBest\u00e4llaren skall inte ha r\u00e4tt till n\u00e5gon ers\u00e4ttning \u00f6ver huvud taget f\u00f6r s\u00e5 kallade f\u00f6ljdskador, indirekta skador eller annan skada som inte har n\u00e5got orsakssamband med ett fel i de av Leverant\u00f6ren tillhandah\u00e5llna Tj\u00e4nsterna. Ers\u00e4ttningen skall i alla avseenden alltid vara begr\u00e4nsad till det l\u00e4gre av 100 000 SEK och det belopp som Best\u00e4llaren har betalat f\u00f6r Tj\u00e4nsterna under den senaste 12-m\u00e5nadersperioden.\n<\/p>\n<h4>\n\t11. Sekretess<br \/>\n<\/h4>\n<p>\n\tLeverant\u00f6ren f\u00f6rbinder sig att alltid leverera Tj\u00e4nsterna i enlighet med god sed och g\u00e4llande lagstiftning. Leverant\u00f6ren f\u00f6rbinder sig \u00e4ven att behandla s\u00e5dan skyddsv\u00e4rd information som Best\u00e4llaren tillhandah\u00e5ller f\u00f6r lagring eller annan behandling med yttersta sekretess. Leverant\u00f6ren skall tillse att alla anst\u00e4llda, inhyrda konsulter eller andra underleverant\u00f6rer som kommer i kontakt med skyddsv\u00e4rd information har ing\u00e5tt ett s\u00e4rskilt sekretessavtal med Leverant\u00f6ren. Detta stycke skall inte g\u00e4lla i s\u00e5dana situationer d\u00e5 information beg\u00e4rs av en tredje part som kan ha laglig r\u00e4tt att ta del av informationen.\n<\/p>\n<h4>\n\t12. Giltighet och upps\u00e4gning<br \/>\n<\/h4>\n<p>\n\tOm dessa Villkor av n\u00e5gon anledning, vilken som helst, skulle visa sig vara ogiltiga i n\u00e5gon m\u00e5n skall det inte p\u00e5verka giltigheten i Villkorens \u00f6vriga delar. Avtalstiden f\u00f6r Tj\u00e4nsterna \u00e4r l\u00f6pande utan n\u00e5gon bindningstid. Parterna har en upps\u00e4gningstid p\u00e5 en kalenderm\u00e5nad. En upps\u00e4gning ska beg\u00e4ras skriftligen och ska anses ha inkommit den sista dagen i den m\u00e5nad d\u00e5 Leverant\u00f6ren tar del av den. Leverant\u00f6ren f\u00f6rbeh\u00e5ller r\u00e4tten att tillf\u00e4lligt eller permanent st\u00e4nga av konton och\/eller anv\u00e4ndare om de bryter mot dessa Villkor eller andra f\u00f6reskrifter som Leverant\u00f6ren har uppst\u00e4llt, eller mot i lag eller myndighetsf\u00f6reskrifter uppst\u00e4llda villkor. I de fall en anv\u00e4ndare eller ett konto skulle utg\u00f6ra en akut s\u00e4kerhetsrisk f\u00f6r Tj\u00e4nsternas funktion eller f\u00f6r andra anv\u00e4ndare av Tj\u00e4nsternas ska Leverant\u00f6ren ha r\u00e4tt att omedelbart st\u00e4nga av anv\u00e4ndaren och avsluta det eller de konton som anv\u00e4ndaren \u00e4r associerad till.\n<\/p>\n<h4>\n\t13. Priser och betalning<br \/>\n<\/h4>\n<p>\n\tBetalning f\u00f6r Tj\u00e4nsterna ska ske inom 30 dagar fr\u00e5n den dag d\u00e5 faktura utst\u00e4lldes. Vid utebliven betalning f\u00f6rbeh\u00e5ller Leverant\u00f6ren r\u00e4tten att ta ut en sk\u00e4lig r\u00e4nta. R\u00e4nta ska ber\u00e4knas enligt R\u00e4ntelag (1975:635). Priser f\u00f6r Tj\u00e4nsterna presenteras p\u00e5 Leverant\u00f6rens webplats, d\u00e4r \u00e4ven best\u00e4llning av Tj\u00e4nsterna kan g\u00f6ras. Priserna kan komma att justeras fr\u00e5n tid till annan och Leverant\u00f6ren f\u00f6rbeh\u00e5ller r\u00e4tten d\u00e4rtill. Leverant\u00f6ren skall avisera eventuella prish\u00f6jningar minst en m\u00e5nad innan de tr\u00e4der i kraft genom offentligg\u00f6rande p\u00e5 sin webplats.\n<\/p>\n<h4>\n\t14. Tvistel\u00f6sning<br \/>\n<\/h4>\n<p>\n\tTvister med anledning av dessa Villkor ska h\u00e4nskjutas till medling och\/eller skiljef\u00f6rfarande i enlighet med V\u00e4stsvenska Handelskammarens F\u00f6rtroender\u00e5ds regler om medling och skiljef\u00f6rfarande.<\/p>\n","protected":false},"excerpt":{"rendered":"<p>ANV\u00c4NDARVILLKOR Version 1.1Villkoren senast reviderade 2021-10-22 Dessa Villkor skall g\u00e4lla som bindande avtal mellan Customs Software Europe AB (h\u00e4danefter ben\u00e4mnt Leverant\u00f6ren) och Best\u00e4llaren (gemensamt ben\u00e4mnda Parterna) av AXCS-Tj\u00e4nsterna eller andra av Leverant\u00f6ren tillhandah\u00e5llna Tj\u00e4nster. 1. Tj\u00e4nsterna AXCS-Tj\u00e4nsterna best\u00e5r av lagrings-, sammanst\u00e4llnings- och analysverktyg som s\u00e4kerst\u00e4ller en komplett, med tullagstiftningen \u00f6verensst\u00e4mmande funktion f\u00f6r hantering av tulldeklarationer. [&hellip;]<\/p>\n","protected":false},"author":1,"featured_media":0,"parent":0,"menu_order":13,"comment_status":"closed","ping_status":"closed","template":"","meta":{"_et_pb_use_builder":"","_et_pb_old_content":"","_et_gb_content_width":"","footnotes":""},"class_list":["post-600","page","type-page","status-publish","hentry"],"_links":{"self":[{"href":"https:\/\/axcs.eu\/se\/wp-json\/wp\/v2\/pages\/600","targetHints":{"allow":["GET"]}}],"collection":[{"href":"https:\/\/axcs.eu\/se\/wp-json\/wp\/v2\/pages"}],"about":[{"href":"https:\/\/axcs.eu\/se\/wp-json\/wp\/v2\/types\/page"}],"author":[{"embeddable":true,"href":"https:\/\/axcs.eu\/se\/wp-json\/wp\/v2\/users\/1"}],"replies":[{"embeddable":true,"href":"https:\/\/axcs.eu\/se\/wp-json\/wp\/v2\/comments?post=600"}],"version-history":[{"count":1,"href":"https:\/\/axcs.eu\/se\/wp-json\/wp\/v2\/pages\/600\/revisions"}],"predecessor-version":[{"id":823,"href":"https:\/\/axcs.eu\/se\/wp-json\/wp\/v2\/pages\/600\/revisions\/823"}],"wp:attachment":[{"href":"https:\/\/axcs.eu\/se\/wp-json\/wp\/v2\/media?parent=600"}],"curies":[{"name":"wp","href":"https:\/\/api.w.org\/{rel}","templated":true}]}}