{"id":163,"date":"2017-09-19T21:35:57","date_gmt":"2017-09-19T19:35:57","guid":{"rendered":"https:\/\/axcs.se\/?page_id=163"},"modified":"2017-09-19T21:35:57","modified_gmt":"2017-09-19T19:35:57","slug":"kod","status":"publish","type":"page","link":"https:\/\/axcs.eu\/se\/kod\/","title":{"rendered":"Kod"},"content":{"rendered":"<p>[et_pb_section bb_built=&#8221;1&#8243; fullwidth=&#8221;off&#8221; specialty=&#8221;off&#8221;][et_pb_row][et_pb_column type=&#8221;4_4&#8243;][et_pb_text _builder_version=&#8221;3.0.73&#8243; background_layout=&#8221;light&#8221; text_orientation=&#8221;center&#8221; border_style=&#8221;solid&#8221; module_alignment=&#8221;center&#8221;]<\/p>\n<h1>Vad \u00e4r en AXCS-kod?<\/h1>\n<p>[\/et_pb_text][et_pb_text _builder_version=&#8221;3.0.92&#8243; background_layout=&#8221;light&#8221; text_orientation=&#8221;center&#8221; custom_margin=&#8221;|10%||10%&#8221; module_alignment=&#8221;center&#8221;]<br \/>\n\u00c4r du import\u00f6r eller export\u00f6r och vill veta mer om AXCS?\u00a0Vi vill g\u00e4rna visa dig AXCS och med en AXCS-kod kan du logga in och se en film om hur systemet fungerar. Skicka dina uppgifter till oss s\u00e5 \u00e5terkommer vi med en AXCS-kod. Om du anger din postadress i meddelandef\u00e4ltet nedan skickar vi dessutom ett paket till dig.<br \/>\n[\/et_pb_text][et_pb_text _builder_version=&#8221;3.0.75&#8243; background_layout=&#8221;light&#8221; text_orientation=&#8221;center&#8221; border_style=&#8221;solid&#8221; module_alignment=&#8221;center&#8221;]<\/p>\n<h3>Jag beh\u00f6ver en AXCS-kod<\/h3>\n<p>[\/et_pb_text][et_pb_contact_form _builder_version=&#8221;3.0.95&#8243; captcha=&#8221;off&#8221; use_redirect=&#8221;off&#8221; custom_button=&#8221;off&#8221; button_icon_placement=&#8221;right&#8221; border_radii=&#8221;on|0px|0px|0px|0px&#8221; success_message=&#8221;Tack f\u00f6r att du kontaktade oss. Vi \u00e5terkommer inom kort.&#8221; email=&#8221;kontakt@axcs.se&#8221; custom_message=&#8221;\u00d6nskem\u00e5l om AXCS-kod skickat fr\u00e5n webbplatsen||et_pb_line_break_holder||||et_pb_line_break_holder||Namn: %%Namn%%||et_pb_line_break_holder||E-post: %%Epost%%||et_pb_line_break_holder||Telefonnr: %%Telefonnr%%||et_pb_line_break_holder||F\u00f6retag: %%Foretag%%||et_pb_line_break_holder||||et_pb_line_break_holder||Meddelande: %%Message%%&#8221;][et_pb_contact_field field_title=&#8221;Ditt f\u00f6r- och efternamn&#8221; field_type=&#8221;input&#8221; field_id=&#8221;Namn&#8221; required_mark=&#8221;on&#8221; fullwidth_field=&#8221;off&#8221; checkbox_checked=&#8221;off&#8221; min_length=&#8221;0&#8243; max_length=&#8221;0&#8243; allowed_symbols=&#8221;all&#8221; conditional_logic=&#8221;off&#8221; conditional_logic_relation=&#8221;off&#8221; conditional_logic_rules=&#8221;%91{%22field%22:%22email%22,%22condition%22:%22is%22,%22value%22:%22%22}%93&#8243; form_field_font_select=&#8221;default&#8221; form_field_font=&#8221;||||&#8221; use_border_color=&#8221;off&#8221; border_style=&#8221;solid&#8221; \/][et_pb_contact_field field_title=&#8221;Din e-postadress&#8221; field_type=&#8221;email&#8221; field_id=&#8221;Epost&#8221; required_mark=&#8221;on&#8221; fullwidth_field=&#8221;off&#8221; checkbox_checked=&#8221;off&#8221; min_length=&#8221;0&#8243; max_length=&#8221;0&#8243; allowed_symbols=&#8221;all&#8221; conditional_logic=&#8221;off&#8221; conditional_logic_relation=&#8221;off&#8221; conditional_logic_rules=&#8221;%91{%22field%22:%22namn%22,%22condition%22:%22is%22,%22value%22:%22%22}%93&#8243; form_field_font_select=&#8221;default&#8221; form_field_font=&#8221;||||&#8221; use_border_color=&#8221;off&#8221; border_style=&#8221;solid&#8221; \/][et_pb_contact_field field_id=&#8221;Telefonnr&#8221; field_title=&#8221;Ditt telefonnummer&#8221; field_type=&#8221;input&#8221; checkbox_checked=&#8221;off&#8221; min_length=&#8221;0&#8243; max_length=&#8221;0&#8243; allowed_symbols=&#8221;all&#8221; required_mark=&#8221;on&#8221; conditional_logic=&#8221;off&#8221; conditional_logic_relation=&#8221;off&#8221; conditional_logic_rules=&#8221;%91{%22field%22:%22namn%22,%22condition%22:%22is%22,%22value%22:%22%22}%93&#8243; fullwidth_field=&#8221;on&#8221; form_field_font_select=&#8221;default&#8221; form_field_font=&#8221;||||&#8221; use_border_color=&#8221;off&#8221; border_style=&#8221;solid&#8221; \/][et_pb_contact_field field_id=&#8221;Foretag&#8221; field_title=&#8221;F\u00f6retag&#8221; field_type=&#8221;input&#8221; checkbox_checked=&#8221;off&#8221; min_length=&#8221;0&#8243; max_length=&#8221;0&#8243; allowed_symbols=&#8221;all&#8221; required_mark=&#8221;on&#8221; conditional_logic=&#8221;off&#8221; conditional_logic_relation=&#8221;off&#8221; conditional_logic_rules=&#8221;%91{%22field%22:%22namn%22,%22condition%22:%22is%22,%22value%22:%22%22}%93&#8243; fullwidth_field=&#8221;on&#8221; form_field_font_select=&#8221;default&#8221; form_field_font=&#8221;||||&#8221; use_border_color=&#8221;off&#8221; border_style=&#8221;solid&#8221; \/][et_pb_contact_field field_title=&#8221;Meddelande&#8221; field_type=&#8221;text&#8221; field_id=&#8221;Message&#8221; required_mark=&#8221;on&#8221; fullwidth_field=&#8221;on&#8221; checkbox_checked=&#8221;off&#8221; min_length=&#8221;0&#8243; max_length=&#8221;0&#8243; allowed_symbols=&#8221;all&#8221; conditional_logic=&#8221;off&#8221; conditional_logic_relation=&#8221;off&#8221; conditional_logic_rules=&#8221;%91{%22field%22:%22namn%22,%22condition%22:%22is%22,%22value%22:%22%22}%93&#8243; form_field_font_select=&#8221;default&#8221; form_field_font=&#8221;||||&#8221; use_border_color=&#8221;off&#8221; border_style=&#8221;solid&#8221; \/][\/et_pb_contact_form][\/et_pb_column][\/et_pb_row][\/et_pb_section]<\/p>\n","protected":false},"excerpt":{"rendered":"<p><div class=\"et_pb_row et_pb_row_0 et_pb_row_empty\">\n\t\t\t\t\n\t\t\t\t\n\t\t\t\t\n\t\t\t\t\n\t\t\t\t\n\t\t\t<\/div> Vad \u00e4r en AXCS-kod? \u00c4r du import\u00f6r eller export\u00f6r och vill veta mer om AXCS?\u00a0Vi vill g\u00e4rna visa dig AXCS och med en AXCS-kod kan du logga in och se en film om hur systemet fungerar. Skicka dina uppgifter till oss s\u00e5 \u00e5terkommer vi med en AXCS-kod. Om du anger din postadress i meddelandef\u00e4ltet [&hellip;]<\/p>\n","protected":false},"author":1,"featured_media":0,"parent":0,"menu_order":9,"comment_status":"closed","ping_status":"closed","template":"","meta":{"_et_pb_use_builder":"on","_et_pb_old_content":"","_et_gb_content_width":"","footnotes":""},"class_list":["post-163","page","type-page","status-publish","hentry"],"_links":{"self":[{"href":"https:\/\/axcs.eu\/se\/wp-json\/wp\/v2\/pages\/163","targetHints":{"allow":["GET"]}}],"collection":[{"href":"https:\/\/axcs.eu\/se\/wp-json\/wp\/v2\/pages"}],"about":[{"href":"https:\/\/axcs.eu\/se\/wp-json\/wp\/v2\/types\/page"}],"author":[{"embeddable":true,"href":"https:\/\/axcs.eu\/se\/wp-json\/wp\/v2\/users\/1"}],"replies":[{"embeddable":true,"href":"https:\/\/axcs.eu\/se\/wp-json\/wp\/v2\/comments?post=163"}],"version-history":[{"count":0,"href":"https:\/\/axcs.eu\/se\/wp-json\/wp\/v2\/pages\/163\/revisions"}],"wp:attachment":[{"href":"https:\/\/axcs.eu\/se\/wp-json\/wp\/v2\/media?parent=163"}],"curies":[{"name":"wp","href":"https:\/\/api.w.org\/{rel}","templated":true}]}}