{"id":149,"date":"2017-09-19T20:52:55","date_gmt":"2017-09-19T18:52:55","guid":{"rendered":"https:\/\/axcs.se\/?page_id=149"},"modified":"2020-01-17T17:46:39","modified_gmt":"2020-01-17T16:46:39","slug":"login","status":"publish","type":"page","link":"https:\/\/axcs.eu\/se\/login\/","title":{"rendered":"Login"},"content":{"rendered":"<p>[et_pb_section fb_built=&#8221;1&#8243; _builder_version=&#8221;3.22&#8243;][et_pb_row _builder_version=&#8221;3.25&#8243; background_size=&#8221;initial&#8221; background_position=&#8221;top_left&#8221; background_repeat=&#8221;repeat&#8221; column_structure=&#8221;2_3,1_3&#8243;][et_pb_column type=&#8221;2_3&#8243; _builder_version=&#8221;3.25&#8243; custom_padding=&#8221;|||&#8221; custom_padding__hover=&#8221;|||&#8221;][et_pb_text _builder_version=&#8221;3.27.4&#8243; header_font_size=&#8221;20px&#8221; text_orientation=&#8221;center&#8221; module_alignment=&#8221;center&#8221;]<\/p>\n<h2>Logga in till AXCS-portalen<\/h2>\n<p>Anv\u00e4nd BankID f\u00f6r att logga in. F\u00f6rsta g\u00e5ngen du loggar in beh\u00f6ver du en verifikationsnyckel.[\/et_pb_text][\/et_pb_column][et_pb_column type=&#8221;1_3&#8243; _builder_version=&#8221;3.25&#8243; custom_padding=&#8221;|||&#8221; custom_padding__hover=&#8221;|||&#8221;][\/et_pb_column][\/et_pb_row][et_pb_row _builder_version=&#8221;3.25&#8243; column_structure=&#8221;2_3,1_3&#8243;][et_pb_column type=&#8221;2_3&#8243; _builder_version=&#8221;3.25&#8243; custom_padding=&#8221;|||&#8221; custom_padding__hover=&#8221;|||&#8221;][et_pb_code]<\/p>\n<ul id=\"tabs\">\n<li class=\"active\">BankID<\/li>\n<li>Verifikationsnyckel<\/li>\n<\/ul>\n<ul id=\"tab\" class=\"portal-login\">\n<li class=\"active\">\n<div class=\"et_password_protected_form\"><center><\/p>\n<h3>Logga in med BankID<\/h3>\n<p>Starta BankID-appen p\u00e5 din telefon och scanna QR-koden som visas n\u00e4r du trycker p\u00e5 knappen h\u00e4r under. Inloggningen sk\u00f6ts av CGI och du kommer att komma tillbaka till AXCS n\u00e4r du har identifierat dig.<\/p>\n<p><\/center><\/p>\n<form action=\"https:\/\/portal.axcs.se\/login.aspx\" method=\"post\" id=\"bankid\">\n<p><center><button type=\"submit\" class=\"et_submit_button et_pb_button\">Legitimera<\/button><\/center><\/p>\n<\/form>\n<p><iframe src=\"about:blank\" id=\"login_bankid_iframe\"><\/iframe><\/div>\n<\/li>\n<li>\n<div class=\"et_password_protected_form\"><center><\/p>\n<h3>Verifiera ditt konto<\/h3>\n<p>F\u00f6rsta g\u00e5ngen du loggar in beh\u00f6ver du verifiera ditt konto genom att ange e-postadress, verifikationsnummer och ditt personnummer. Personnumret anv\u00e4nds f\u00f6r att aktivera BankID.<\/p>\n<p><\/center><\/p>\n<form action=\"https:\/\/portal.axcs.se\/register.aspx\" method=\"post\" id=\"verification\">\n<p><label for=\"epostadress\">E-postadress<\/label><input name=\"epostadress\" id=\"epostadress\" type=\"text\" size=\"20\" maxlength=\"200\" \/><\/p>\n<p><label for=\"verifikationsnummer\">Verifikationsnyckel<\/label><input name=\"verifikationsnyckel\" id=\"verifikationsnyckel\" type=\"password\" size=\"20\" maxlength=\"100\" \/><\/p>\n<p><label for=\"personnummer2\">Personnummer<\/label><input name=\"personnummer2\" id=\"personnummer2\" type=\"text\" size=\"20\" maxlength=\"12\" placeholder=\"yyyymmddnnnn\" \/><\/p>\n<p><center><button type=\"submit\" class=\"et_submit_button et_pb_button\">Verifiera<\/button><\/center><\/p>\n<\/form>\n<\/div>\n<\/li>\n<\/ul>\n<p>[\/et_pb_code][et_pb_text _builder_version=&#8221;4.1&#8243; text_orientation=&#8221;center&#8221; module_alignment=&#8221;center&#8221; hover_enabled=&#8221;0&#8243; border_style=&#8221;solid&#8221;]<\/p>\n<div>\n<p class=\"ng-binding\"><a class=\"ng-binding\" href=\"https:\/\/axcs.eu\/se\/bankid\/\">S\u00e5 h\u00e4r<\/a>\u00a0loggar du in med Mobilt BankID.<\/p>\n<\/div>\n<p class=\"ng-binding\">Har du inget konto? <a class=\"ng-binding\" href=\"https:\/\/axcs.eu\/se\/bestall\/\">Kom ig\u00e5ng med AXCS<\/a><\/p>\n<p>[\/et_pb_text][\/et_pb_column][et_pb_column type=&#8221;1_3&#8243; module_id=&#8221;axcs-kod&#8221; module_class=&#8221;rounded&#8221; _builder_version=&#8221;3.25&#8243; background_color=&#8221;#f4f4f4&#8243; custom_padding=&#8221;30px|30px|30px|30px&#8221; custom_padding__hover=&#8221;|||&#8221;][et_pb_text _builder_version=&#8221;3.27.4&#8243; header_font_size=&#8221;20px&#8221; text_orientation=&#8221;center&#8221; module_alignment=&#8221;center&#8221;]<\/p>\n<h2>AXCS-kod<\/h2>\n<p>Anv\u00e4nd din AXCS-kod f\u00f6r att logga in och se hur AXCS fungerar.[\/et_pb_text][et_pb_code]<\/p>\n<div class=\"et_password_protected_form\">\n<form action=\"https:\/\/axcs.eu\/se\/wp-login.php?action=postpass\" method=\"post\"><input type=\"hidden\" name=\"post_slug\" value=\"sa-funkar-det\"\/><\/p>\n<p><label for=\"pwbox-884796468\">AXCS-kod<\/label><input name=\"post_password\" id=\"pwbox-884796468\" type=\"password\" size=\"20\" maxlength=\"20\" \/><\/p>\n<p><center><button type=\"submit\" class=\"et_submit_button et_pb_button\">Verifiera<\/button><\/center><\/p>\n<\/form>\n<\/div>\n<p>[\/et_pb_code][et_pb_text _builder_version=&#8221;4.1&#8243; text_orientation=&#8221;center&#8221; module_alignment=&#8221;center&#8221; hover_enabled=&#8221;0&#8243; border_style=&#8221;solid&#8221;]<\/p>\n<p><a href=\"https:\/\/axcs.eu\/se\/kod\/\">Vad \u00e4r en AXCS-kod?<\/a><\/p>\n<p>[\/et_pb_text][\/et_pb_column][\/et_pb_row][\/et_pb_section]<\/p>\n","protected":false},"excerpt":{"rendered":"<p>Logga in till AXCS-portalen Anv\u00e4nd BankID f\u00f6r att logga in. F\u00f6rsta g\u00e5ngen du loggar in beh\u00f6ver du en verifikationsnyckel.[axcs-login-portal] S\u00e5 h\u00e4r\u00a0loggar du in med Mobilt BankID. Har du inget konto? Kom ig\u00e5ng med AXCS AXCS-kod Anv\u00e4nd din AXCS-kod f\u00f6r att logga in och se hur AXCS fungerar.[axcs-login-kod]Vad \u00e4r en AXCS-kod?<\/p>\n","protected":false},"author":1,"featured_media":0,"parent":0,"menu_order":7,"comment_status":"closed","ping_status":"closed","template":"","meta":{"_et_pb_use_builder":"on","_et_pb_old_content":"","_et_gb_content_width":"","footnotes":""},"class_list":["post-149","page","type-page","status-publish","hentry"],"_links":{"self":[{"href":"https:\/\/axcs.eu\/se\/wp-json\/wp\/v2\/pages\/149","targetHints":{"allow":["GET"]}}],"collection":[{"href":"https:\/\/axcs.eu\/se\/wp-json\/wp\/v2\/pages"}],"about":[{"href":"https:\/\/axcs.eu\/se\/wp-json\/wp\/v2\/types\/page"}],"author":[{"embeddable":true,"href":"https:\/\/axcs.eu\/se\/wp-json\/wp\/v2\/users\/1"}],"replies":[{"embeddable":true,"href":"https:\/\/axcs.eu\/se\/wp-json\/wp\/v2\/comments?post=149"}],"version-history":[{"count":1,"href":"https:\/\/axcs.eu\/se\/wp-json\/wp\/v2\/pages\/149\/revisions"}],"predecessor-version":[{"id":851,"href":"https:\/\/axcs.eu\/se\/wp-json\/wp\/v2\/pages\/149\/revisions\/851"}],"wp:attachment":[{"href":"https:\/\/axcs.eu\/se\/wp-json\/wp\/v2\/media?parent=149"}],"curies":[{"name":"wp","href":"https:\/\/api.w.org\/{rel}","templated":true}]}}